{"id":804,"date":"2024-01-03T18:18:52","date_gmt":"2024-01-03T18:18:52","guid":{"rendered":"https:\/\/gonzaloseppacuercia.com\/?page_id=804"},"modified":"2024-09-18T22:49:08","modified_gmt":"2024-09-18T22:49:08","slug":"biography","status":"publish","type":"page","link":"https:\/\/gonzaloseppacuercia.com\/index.php\/biography\/","title":{"rendered":"Biograpy + Cv"},"content":{"rendered":"\n<figure class=\"wp-block-image alignfull size-large has-custom-border\"><img fetchpriority=\"high\" decoding=\"async\" width=\"1024\" height=\"690\" src=\"https:\/\/gonzaloseppacuercia.com\/wp-content\/uploads\/2024\/06\/000724-1024x690.jpg\" alt=\"\" class=\"wp-image-1043\" style=\"border-radius:0px\" srcset=\"https:\/\/gonzaloseppacuercia.com\/wp-content\/uploads\/2024\/06\/000724-1024x690.jpg 1024w, https:\/\/gonzaloseppacuercia.com\/wp-content\/uploads\/2024\/06\/000724-300x202.jpg 300w, https:\/\/gonzaloseppacuercia.com\/wp-content\/uploads\/2024\/06\/000724-768x517.jpg 768w, https:\/\/gonzaloseppacuercia.com\/wp-content\/uploads\/2024\/06\/000724-1536x1035.jpg 1536w, https:\/\/gonzaloseppacuercia.com\/wp-content\/uploads\/2024\/06\/000724-2048x1380.jpg 2048w\" sizes=\"(max-width: 1024px) 100vw, 1024px\" \/><\/figure>\n\n\n\n<figure class=\"wp-block-video alignfull\"><video height=\"2160\" style=\"aspect-ratio: 3840 \/ 2160;\" width=\"3840\" autoplay controls poster=\"https:\/\/gonzaloseppacuercia.com\/wp-content\/uploads\/2024\/07\/000721-scaled-e1719998872790.jpg\" src=\"https:\/\/gonzaloseppacuercia.com\/wp-content\/uploads\/2024\/07\/V1_GS1.mp4\"><\/video><\/figure>\n\n\n\n<div class=\"wp-block-columns alignwide is-layout-flex wp-container-core-columns-is-layout-28f84493 wp-block-columns-is-layout-flex\">\n<div class=\"wp-block-column is-layout-flow wp-block-column-is-layout-flow\">\n<h3 class=\"wp-block-heading has-text-align-left has-100-color has-text-color\"><strong>Gonzalo Seppacuercia<\/strong><\/h3>\n\n\n\n<p class=\"has-text-align-left\" style=\"font-size:clamp(16.293px, 1.018rem + ((1vw - 3.2px) * 0.389), 25px);font-style:normal;font-weight:700\">Artist \u2013   Graphic Designer \u2013 Direction \u2013 Photographer \u2013 Filmmaker &amp; Writter.<\/p>\n\n\n\n<p style=\"font-size:13px;font-style:italic;font-weight:300\">Mi forma de ver la vida es creando perspectivas desde mis ojos. Soy una persona muy sociable, alegre, activa, sensible y prolija pero sobre todo creativa, me paso todos los d\u00edas buscando la manera de expresar lo que creo en mi cabeza a trav\u00e9s de mis herramientas, de los sentidos, de mis escritos, de los libros y mis pensamientos. Manteniendo un equilibrio, como si fuera una trenza de sentir \u2013 pensar \u2013 hacer.<br><\/p>\n\n\n\n<p style=\"font-size:13px;font-style:italic;font-weight:300\">Desarroll\u00e9 un inter\u00e9s por el dise\u00f1o gr\u00e1fico y audiovisual desde muy joven, puedo decirte que no me gusta encerrarme en estilos. Otro motivador es aprender sobre nuevas cosas\/temas\/personas, siempre me impulsa.<\/p>\n<\/div>\n<\/div>\n\n\n\n<div class=\"wp-block-columns alignwide is-layout-flex wp-container-core-columns-is-layout-28f84493 wp-block-columns-is-layout-flex\">\n<div class=\"wp-block-column is-layout-flow wp-block-column-is-layout-flow\">\n<details class=\"wp-block-details has-heading-font-family has-heading-4-font-size is-layout-flow wp-block-details-is-layout-flow\" style=\"font-style:normal;font-weight:600\"><summary>Experiencia Laboral.<\/summary>\n<details class=\"wp-block-details has-heading-font-family has-huge-font-size is-layout-flow wp-block-details-is-layout-flow\" style=\"font-style:normal;font-weight:700\"><summary>Graphic Design<\/summary>\n<h6 class=\"wp-block-heading has-body-font-family has-medium-font-size\" style=\"font-style:normal;font-weight:600;text-decoration:underline\">You Know Digital <\/h6>\n\n\n\n<h6 class=\"wp-block-heading has-body-font-family\" style=\"font-size:12px;font-style:normal;font-weight:600\">(Ago 2019 &#8211; Ago 2020)<\/h6>\n\n\n\n<p class=\"has-body-font-family\" style=\"font-size:12px;font-style:normal;font-weight:400\">You Know Digital es una agencia e-commerce en la que trabaj\u00e9 creando dise\u00f1o para redes sociales para diferentes clientes como Addnice. Cre\u00e9 piezas para diferentes medios, ya sea est\u00e1ticos, audiovisuales y 3d. Al mismo tiempo tambi\u00e9n desarrollo p\u00e1ginas web con HTML y CSS. Trabaj\u00e9 part-time, esto me permiti\u00f3 evolucionar como dise\u00f1ador freelance.<\/p>\n\n\n\n<div style=\"height:17px\" aria-hidden=\"true\" class=\"wp-block-spacer\"><\/div>\n\n\n\n<h6 class=\"wp-block-heading has-body-font-family has-medium-font-size\" style=\"font-style:normal;font-weight:600;text-decoration:underline\">Formagge Quesos<\/h6>\n\n\n\n<h6 class=\"wp-block-heading has-body-font-family\" style=\"font-size:12px;font-style:normal;font-weight:600\">(Nov 2022 &#8211; Nov 2023)<\/h6>\n\n\n\n<p class=\"has-body-font-family\" style=\"font-size:12px;font-style:normal;font-weight:400\">Dentro de formagge me encargu\u00e9 de la parte gr\u00e1fica tanto para producciones con otros clientes como para comunicados de mailing y redes. Desde armado de cat\u00e1logos y presentaciones hasta video productos, variedad de historias reels grabados y editados.<\/p>\n\n\n\n<div style=\"height:17px\" aria-hidden=\"true\" class=\"wp-block-spacer\"><\/div>\n\n\n\n<h6 class=\"wp-block-heading has-body-font-family has-medium-font-size\" style=\"font-style:normal;font-weight:600;text-decoration:underline\">Champell <\/h6>\n\n\n\n<h6 class=\"wp-block-heading has-body-font-family\" style=\"font-size:12px;font-style:normal;font-weight:600\">(Nov 2023 &#8211; Mar 2024)<\/h6>\n\n\n\n<p class=\"has-body-font-family\" style=\"font-size:12px;font-style:normal;font-weight:400\">Planifiqu\u00e9 y ejecut\u00e9 sesiones fotogr\u00e1ficas para una variedad de clientes, capturando im\u00e1genes creativas y de alta calidad que cumpl\u00edan con sus objetivos de marketing. En general los clientes estaban orientados hacia el lado de la gastronom\u00eda. Luego del desarrollo de las sesiones tenia que editar fotos\/videos, mas armar planners para ejecutar las publicaciones de redes sociales.<\/p>\n\n\n\n<div style=\"height:17px\" aria-hidden=\"true\" class=\"wp-block-spacer\"><\/div>\n\n\n\n<h6 class=\"wp-block-heading has-body-font-family has-medium-font-size\" style=\"font-style:normal;font-weight:600;text-decoration:underline\">Freelance<\/h6>\n\n\n\n<h6 class=\"wp-block-heading has-body-font-family\" style=\"font-size:12px;font-style:normal;font-weight:600\">(Ene 2019 &#8211; Actualmente)<\/h6>\n\n\n\n<p class=\"has-body-font-family\" style=\"font-size:12px;font-style:normal;font-weight:400\">Desde antes de estudiar dise\u00f1o gr\u00e1fico, ya sabia como manejarme con los programas, entonces desde mis inicios empec\u00e9 ofreciendo mi servicio a diferentes clientes para ir creando nuevos proyectos, ya sea piezas para redes, identidades de marca, dise\u00f1o de locales y vidrieras, dise\u00f1o de packaging y mucho m\u00e1s. Esto me permiti\u00f3 desarrollarme en diferentes rubros con distintas caracter\u00edsticas, de esa manera variar con los dise\u00f1os y adaptarme al desaf\u00edo. Luego pude ir combin\u00e1ndolo con la fotograf\u00eda y el filmmaking.<\/p>\n<\/details>\n\n\n\n<details class=\"wp-block-details has-heading-font-family has-huge-font-size is-layout-flow wp-block-details-is-layout-flow\" style=\"font-style:normal;font-weight:700\"><summary>Direction Film\/Photo.<\/summary>\n<h6 class=\"wp-block-heading has-body-font-family has-small-font-size\" style=\"font-style:normal;font-weight:600;text-decoration:underline\">Fotograf\u00eda\/Editor Freelance<\/h6>\n\n\n\n<h6 class=\"wp-block-heading has-body-font-family\" style=\"font-size:12px;font-style:normal;font-weight:600\">(Mar 2021 &#8211; Actualmente)<\/h6>\n\n\n\n<p class=\"has-body-font-family\" style=\"font-size:12px;font-style:normal;font-weight:400\">You Know Digital es una agencia e-commerce en la que trabaj\u00e9 creando dise\u00f1o para redes sociales para diferentes clientes como Addnice. Cre\u00e9 piezas para diferentes medios, ya sea est\u00e1ticos, audiovisuales y 3d. Al mismo tiempo tambi\u00e9n desarrollo p\u00e1ginas web con HTML y CSS. Trabaj\u00e9 part-time, esto me permiti\u00f3 evolucionar como dise\u00f1ador freelance.<\/p>\n\n\n\n<div style=\"height:17px\" aria-hidden=\"true\" class=\"wp-block-spacer\"><\/div>\n\n\n\n<p class=\"has-body-font-family has-small-font-size\" style=\"font-style:normal;font-weight:600;text-decoration:underline\">Filmmaker\/Editor\/Director Freelance<\/p>\n\n\n\n<h6 class=\"wp-block-heading has-body-font-family\" style=\"font-size:12px;font-style:normal;font-weight:600\">(Oct 2021 &#8211; Actualmente)<\/h6>\n\n\n\n<p class=\"has-body-font-family\" style=\"font-size:12px;font-style:normal;font-weight:400\">Luego de entrar en la fotograf\u00eda decid\u00ed introducirme en la filmaci\u00f3n de videos de manera autodidacta. Empec\u00e9 grabando contenido para redes con reels o videos de 1 minuto hasta llegar a hacer producciones mas grandes, dirigiendo tanto arte como fotograf\u00eda. Buscando equipos, locaciones, rentals, modelos y mas.<\/p>\n\n\n\n<div style=\"height:17px\" aria-hidden=\"true\" class=\"wp-block-spacer\"><\/div>\n\n\n\n<h6 class=\"wp-block-heading has-body-font-family has-small-font-size\" style=\"font-style:normal;font-weight:600;text-decoration:underline\">Champell<\/h6>\n\n\n\n<h6 class=\"wp-block-heading has-body-font-family\" style=\"font-size:12px;font-style:normal;font-weight:600\">(Nov 2023 &#8211; Mar 2024)<\/h6>\n\n\n\n<p class=\"has-body-font-family\" style=\"font-size:12px;font-style:normal;font-weight:400\">Planifiqu\u00e9 y ejecut\u00e9 sesiones fotogr\u00e1ficas para una variedad de clientes, capturando im\u00e1genes creativas y de alta calidad que cumpl\u00edan con sus objetivos de marketing. En general los clientes estaban orientados hacia el lado de la gastronom\u00eda. Luego del desarrollo de las sesiones tenia que editar fotos\/videos, mas armar planners para ejecutar las publicaciones de redes sociales.<\/p>\n<\/details>\n<\/details>\n\n\n\n<details class=\"wp-block-details has-heading-font-family has-heading-4-font-size is-layout-flow wp-block-details-is-layout-flow\" style=\"font-style:normal;font-weight:700\"><summary>Educaci\u00f3n.<\/summary>\n<details class=\"wp-block-details has-heading-font-family has-huge-font-size is-layout-flow wp-block-details-is-layout-flow\" style=\"font-style:normal;font-weight:700\"><summary>Estudios<\/summary>\n<h6 class=\"wp-block-heading has-body-font-family has-medium-font-size\" style=\"font-style:normal;font-weight:600;text-decoration:underline\">Bachillerato<\/h6>\n\n\n\n<h6 class=\"wp-block-heading has-body-font-family\" style=\"font-size:12px;font-style:normal;font-weight:600\">San Esteban &#8211; Instituto Lasalle Florida.<\/h6>\n\n\n\n<p class=\"has-body-font-family\" style=\"font-size:12px;font-style:italic;font-weight:100\">Graduado.<\/p>\n\n\n\n<div style=\"height:17px\" aria-hidden=\"true\" class=\"wp-block-spacer\"><\/div>\n\n\n\n<h6 class=\"wp-block-heading has-body-font-family has-medium-font-size\" style=\"font-style:normal;font-weight:600;text-decoration:underline\">Ux\/Ui Designer (Titulo de Curso)<\/h6>\n\n\n\n<h6 class=\"wp-block-heading has-body-font-family\" style=\"font-size:12px;font-style:normal;font-weight:600\">Coderhouse &#8211; (Ago 2021 &#8211; Nov 2021)<\/h6>\n\n\n\n<p class=\"has-body-font-family\" style=\"font-size:12px;font-style:italic;font-weight:100\">Recibido.<\/p>\n\n\n\n<div style=\"height:17px\" aria-hidden=\"true\" class=\"wp-block-spacer\"><\/div>\n\n\n\n<h6 class=\"wp-block-heading has-body-font-family has-medium-font-size\" style=\"font-style:normal;font-weight:600;text-decoration:underline\">Direccion de arte (Titulo de Curso)<\/h6>\n\n\n\n<h6 class=\"wp-block-heading has-body-font-family\" style=\"font-size:12px;font-style:normal;font-weight:600\">Chini Spano &#8211; (Jul 2022 &#8211; Ago 2022)<\/h6>\n\n\n\n<p class=\"has-body-font-family\" style=\"font-size:12px;font-style:italic;font-weight:300\">Recibido.<\/p>\n\n\n\n<div style=\"height:17px\" aria-hidden=\"true\" class=\"wp-block-spacer\"><\/div>\n\n\n\n<h6 class=\"wp-block-heading has-body-font-family has-medium-font-size\" style=\"font-style:normal;font-weight:600;text-decoration:underline\">Dise\u00f1ador grafico (Titulo Universitario)<\/h6>\n\n\n\n<h6 class=\"wp-block-heading has-body-font-family\" style=\"font-size:12px;font-style:normal;font-weight:600\">Instituto DaVinci &#8211; (Ago 2019 &#8211; Ago 2022)<\/h6>\n\n\n\n<p class=\"has-body-font-family\" style=\"font-size:12px;font-style:italic;font-weight:100\">Recibido.<\/p>\n\n\n\n<div style=\"height:17px\" aria-hidden=\"true\" class=\"wp-block-spacer\"><\/div>\n\n\n\n<h6 class=\"wp-block-heading has-body-font-family has-medium-font-size\" style=\"font-style:normal;font-weight:600;text-decoration:underline\">Producci\u00f3n de moda (Titulo de Curso)<\/h6>\n\n\n\n<h6 class=\"wp-block-heading has-body-font-family\" style=\"font-size:12px;font-style:normal;font-weight:600\">Inside-studio &#8211; (Mar 2023 &#8211; Abr 2023)<\/h6>\n\n\n\n<p class=\"has-body-font-family\" style=\"font-size:12px;font-style:italic;font-weight:100\">Recibido.<\/p>\n<\/details>\n<\/details>\n\n\n\n<details class=\"wp-block-details has-heading-font-family is-layout-flow wp-block-details-is-layout-flow\" style=\"font-size:clamp(35.2px, 2.2rem + ((1vw - 3.2px) * 1.286), 64px);font-style:normal;font-weight:700\"><summary>Conocimientos t\u00e9cnicos.<\/summary>\n<ul style=\"font-size:14px\" class=\"wp-block-list\">\n<li>Illustrator<\/li>\n\n\n\n<li>Photoshop<\/li>\n\n\n\n<li>Premiere<\/li>\n\n\n\n<li>After Effects<\/li>\n\n\n\n<li>Media Encoder<\/li>\n\n\n\n<li>Audition<\/li>\n\n\n\n<li>Ligthroom<\/li>\n\n\n\n<li>InDesign<\/li>\n\n\n\n<li>Viusal Studio Code<\/li>\n\n\n\n<li>Figma <\/li>\n\n\n\n<li>Adobe XD<\/li>\n\n\n\n<li>HTML <\/li>\n\n\n\n<li> CSS<\/li>\n\n\n\n<li>WordPress<\/li>\n\n\n\n<li>DaVinci Resolve<\/li>\n<\/ul>\n<\/details>\n<\/div>\n<\/div>\n","protected":false},"excerpt":{"rendered":"<p>Gonzalo Seppacuercia Artist \u2013 Graphic Designer \u2013 Direction \u2013 Photographer \u2013 Filmmaker &amp; Writter. Mi forma de ver la vida es creando perspectivas desde mis ojos. Soy una persona muy sociable, alegre, activa, sensible y prolija pero sobre todo creativa, me paso todos los d\u00edas buscando la manera de expresar lo que creo en mi [&hellip;]<\/p>\n","protected":false},"author":1,"featured_media":0,"parent":0,"menu_order":0,"comment_status":"closed","ping_status":"closed","template":"","meta":{"footnotes":""},"class_list":["post-804","page","type-page","status-publish","hentry"],"_links":{"self":[{"href":"https:\/\/gonzaloseppacuercia.com\/index.php\/wp-json\/wp\/v2\/pages\/804","targetHints":{"allow":["GET"]}}],"collection":[{"href":"https:\/\/gonzaloseppacuercia.com\/index.php\/wp-json\/wp\/v2\/pages"}],"about":[{"href":"https:\/\/gonzaloseppacuercia.com\/index.php\/wp-json\/wp\/v2\/types\/page"}],"author":[{"embeddable":true,"href":"https:\/\/gonzaloseppacuercia.com\/index.php\/wp-json\/wp\/v2\/users\/1"}],"replies":[{"embeddable":true,"href":"https:\/\/gonzaloseppacuercia.com\/index.php\/wp-json\/wp\/v2\/comments?post=804"}],"version-history":[{"count":35,"href":"https:\/\/gonzaloseppacuercia.com\/index.php\/wp-json\/wp\/v2\/pages\/804\/revisions"}],"predecessor-version":[{"id":1123,"href":"https:\/\/gonzaloseppacuercia.com\/index.php\/wp-json\/wp\/v2\/pages\/804\/revisions\/1123"}],"wp:attachment":[{"href":"https:\/\/gonzaloseppacuercia.com\/index.php\/wp-json\/wp\/v2\/media?parent=804"}],"curies":[{"name":"wp","href":"https:\/\/api.w.org\/{rel}","templated":true}]}}